{"id":582,"date":"2009-05-27T14:12:32","date_gmt":"2009-05-27T12:12:32","guid":{"rendered":"http:\/\/www.vogelfreunde-coesfeld.de\/?page_id=582"},"modified":"2022-01-28T08:06:49","modified_gmt":"2022-01-28T07:06:49","slug":"gastebuch-2","status":"publish","type":"page","link":"https:\/\/www.vogelfreunde-coesfeld.de\/?page_id=582","title":{"rendered":"G\u00e4stebuch"},"content":{"rendered":"<p><strong>Wir freuen uns, wenn Sie sich hier in unser G\u00e4stebuch eintragen!<br \/>\n<\/strong>F\u00fcr die Eintr\u00e4ge ist jeder Besucher selbst verantwortlich! <strong>Eintr\u00e4ge mit Angaben von HP`s mit nicht jugendfreien Inhalten werden\u00a0kommentarlos und unverz\u00fcglich gel\u00f6scht.<\/strong><\/p>\n","protected":false},"excerpt":{"rendered":"<p>Wir freuen uns, wenn Sie sich hier in unser G\u00e4stebuch eintragen! F\u00fcr die Eintr\u00e4ge ist jeder Besucher selbst verantwortlich! Eintr\u00e4ge mit Angaben von HP`s mit nicht jugendfreien Inhalten werden\u00a0kommentarlos und unverz\u00fcglich gel\u00f6scht.<\/p>\n","protected":false},"author":1,"featured_media":0,"parent":0,"menu_order":110,"comment_status":"closed","ping_status":"closed","template":"","meta":{"footnotes":""},"class_list":["post-582","page","type-page","status-publish","hentry"],"_links":{"self":[{"href":"https:\/\/www.vogelfreunde-coesfeld.de\/index.php?rest_route=\/wp\/v2\/pages\/582","targetHints":{"allow":["GET"]}}],"collection":[{"href":"https:\/\/www.vogelfreunde-coesfeld.de\/index.php?rest_route=\/wp\/v2\/pages"}],"about":[{"href":"https:\/\/www.vogelfreunde-coesfeld.de\/index.php?rest_route=\/wp\/v2\/types\/page"}],"author":[{"embeddable":true,"href":"https:\/\/www.vogelfreunde-coesfeld.de\/index.php?rest_route=\/wp\/v2\/users\/1"}],"replies":[{"embeddable":true,"href":"https:\/\/www.vogelfreunde-coesfeld.de\/index.php?rest_route=%2Fwp%2Fv2%2Fcomments&post=582"}],"version-history":[{"count":11,"href":"https:\/\/www.vogelfreunde-coesfeld.de\/index.php?rest_route=\/wp\/v2\/pages\/582\/revisions"}],"predecessor-version":[{"id":6700,"href":"https:\/\/www.vogelfreunde-coesfeld.de\/index.php?rest_route=\/wp\/v2\/pages\/582\/revisions\/6700"}],"wp:attachment":[{"href":"https:\/\/www.vogelfreunde-coesfeld.de\/index.php?rest_route=%2Fwp%2Fv2%2Fmedia&parent=582"}],"curies":[{"name":"wp","href":"https:\/\/api.w.org\/{rel}","templated":true}]}}