{"id":471,"date":"2009-05-12T12:06:01","date_gmt":"2009-05-12T11:06:01","guid":{"rendered":"http:\/\/www.vogelfreunde-coesfeld.de\/?page_id=471"},"modified":"2011-03-06T15:48:02","modified_gmt":"2011-03-06T14:48:02","slug":"impressum","status":"publish","type":"page","link":"https:\/\/www.vogelfreunde-coesfeld.de\/?page_id=471","title":{"rendered":"Impressum"},"content":{"rendered":"<p>Verantwortlich f\u00fcr den Inhalt dieser Website ist der Gesch\u00e4ftsf\u00fchrende Vorstand<br \/>des <strong>Vogelschutz- und Zuchtvereins e.V. &#8211; Vogelfreunde Coesfeld<\/strong>:<\/p>\n<p><strong>Dirk H\u00fcntemann<\/strong><br \/>\n1. Vorsitzender<br \/>\nSchoppenbusch 50<br \/>\n48720 Rosendahl<br \/>\nTel.: 0 25 47 \/ 20 90 24<br \/>\n<a href=\"&#109;ailto&#58;&#100;&#95;hu&#101;ntema&#110;&#110;&#64;y&#97;h&#111;o&#46;&#100;&#101;\">&#69;-&#77;&#97;il<\/a><\/p>\n<p><br class=\"spacer_\" \/><\/p>\n<table border=\"0\" cellspacing=\"10\" cellpadding=\"10\">\n<tbody>\n<tr>\n<td><strong>Gerichtsstand:<\/strong><\/td>\n<td>Amtsgericht Coesfeld<\/td>\n<\/tr>\n<tr>\n<td><strong>Registernummer:<\/strong><\/td>\n<td>Amtsgericht Coesfeld VR159<\/td>\n<\/tr>\n<tr>\n<td><strong>Haftung:<\/strong><\/td>\n<td>S\u00e4mtliche Texte auf der Website wurden sorgf\u00e4ltig gepr\u00fcft, eine Garantie f\u00fcr Richtigkeit, Vollst\u00e4ndigkeit und Aktualit\u00e4t der Angaben kann jedoch nicht \u00fcbernommen werden.<\/td>\n<\/tr>\n<tr>\n<td><strong>Copyright:<\/strong><\/td>\n<td>S\u00e4mtliche Texte, Grafiken und Bilder sind urheberrechtlich gesch\u00fctzt. Eine Verwendung ist nur mit ausdr\u00fccklicher Genehmigung zul\u00e4ssig.<\/td>\n<\/tr>\n<tr>\n<td><strong>Links:<\/strong><\/td>\n<td>Trotz sorgf\u00e4ltiger inhaltlicher Kontrolle \u00fcbernehmen wir keine Haftung f\u00fcr die Inhalte externer links. F\u00fcr den Inhalt der verlinkten Seiten sind ausschlie\u00dflich deren Betreiber verantwortlich.<\/td>\n<\/tr>\n<\/tbody>\n<\/table>\n","protected":false},"excerpt":{"rendered":"<p>Verantwortlich f\u00fcr den Inhalt dieser Website ist der Gesch\u00e4ftsf\u00fchrende Vorstanddes Vogelschutz- und Zuchtvereins e.V. &#8211; Vogelfreunde Coesfeld: Dirk H\u00fcntemann 1. Vorsitzender Schoppenbusch 50 48720 Rosendahl Tel.: 0 25 47 \/ 20 90 24 Gerichtsstand: Amtsgericht Coesfeld Registernummer: Amtsgericht Coesfeld VR159 Haftung: S\u00e4mtliche Texte auf der Website wurden sorgf\u00e4ltig gepr\u00fcft, eine Garantie f\u00fcr Richtigkeit, Vollst\u00e4ndigkeit und [&hellip;]<\/p>\n","protected":false},"author":1,"featured_media":0,"parent":0,"menu_order":140,"comment_status":"closed","ping_status":"closed","template":"","meta":{"footnotes":""},"class_list":["post-471","page","type-page","status-publish","hentry"],"_links":{"self":[{"href":"https:\/\/www.vogelfreunde-coesfeld.de\/index.php?rest_route=\/wp\/v2\/pages\/471","targetHints":{"allow":["GET"]}}],"collection":[{"href":"https:\/\/www.vogelfreunde-coesfeld.de\/index.php?rest_route=\/wp\/v2\/pages"}],"about":[{"href":"https:\/\/www.vogelfreunde-coesfeld.de\/index.php?rest_route=\/wp\/v2\/types\/page"}],"author":[{"embeddable":true,"href":"https:\/\/www.vogelfreunde-coesfeld.de\/index.php?rest_route=\/wp\/v2\/users\/1"}],"replies":[{"embeddable":true,"href":"https:\/\/www.vogelfreunde-coesfeld.de\/index.php?rest_route=%2Fwp%2Fv2%2Fcomments&post=471"}],"version-history":[{"count":35,"href":"https:\/\/www.vogelfreunde-coesfeld.de\/index.php?rest_route=\/wp\/v2\/pages\/471\/revisions"}],"predecessor-version":[{"id":2642,"href":"https:\/\/www.vogelfreunde-coesfeld.de\/index.php?rest_route=\/wp\/v2\/pages\/471\/revisions\/2642"}],"wp:attachment":[{"href":"https:\/\/www.vogelfreunde-coesfeld.de\/index.php?rest_route=%2Fwp%2Fv2%2Fmedia&parent=471"}],"curies":[{"name":"wp","href":"https:\/\/api.w.org\/{rel}","templated":true}]}}