{"id":443,"date":"2009-05-12T11:50:14","date_gmt":"2009-05-12T10:50:14","guid":{"rendered":"http:\/\/www.vogelfreunde-coesfeld.de\/?page_id=443"},"modified":"2026-03-06T07:30:01","modified_gmt":"2026-03-06T06:30:01","slug":"mitglieder","status":"publish","type":"page","link":"https:\/\/www.vogelfreunde-coesfeld.de\/?page_id=443","title":{"rendered":"Mitglieder"},"content":{"rendered":"<table style=\"width: 128.862%; height: 1185px;\" border=\"0\" cellspacing=\"0\" cellpadding=\"0\">\n<colgroup span=\"1\">\n<col span=\"2\" width=\"163\" \/>\n<col span=\"1\" width=\"207\" \/>\n<col span=\"1\" width=\"94\" \/>\n<col span=\"1\" width=\"122\" \/> <\/colgroup>\n<tbody>\n<tr style=\"height: 42px;\">\n<td style=\"height: 42px; width: 18.9464%;\" width=\"163\" height=\"43\"><strong>Name, Vorname<\/strong><\/td>\n<td style=\"height: 42px; width: 18.9464%;\" width=\"163\"><strong>Stra\u00dfe<\/strong><\/td>\n<td style=\"height: 42px; width: 24.0296%;\" width=\"207\"><strong>PLZ, Ort<\/strong><\/td>\n<td style=\"height: 42px; width: 18.9464%;\" width=\"94\"><strong>DKB-Nr.:<\/strong><\/td>\n<td style=\"height: 42px; width: 18.9464%;\" width=\"122\"><strong>Telefon<\/strong><\/td>\n<\/tr>\n<tr style=\"height: 22px;\">\n<td style=\"height: 22px; width: 18.9464%;\" width=\"163\" height=\"17\"><\/td>\n<td style=\"height: 22px; width: 18.9464%;\" width=\"163\"><\/td>\n<td style=\"height: 22px; width: 24.0296%;\" width=\"207\"><\/td>\n<td style=\"height: 22px; width: 18.9464%;\" width=\"94\"><\/td>\n<td style=\"height: 22px; width: 18.9464%;\" width=\"122\"><\/td>\n<\/tr>\n<tr style=\"height: 39px;\">\n<td style=\"height: 39px; width: 18.9464%;\" width=\"163\" height=\"40\">Flacke, J\u00f6rg<\/td>\n<td style=\"height: 39px; width: 18.9464%;\" width=\"163\">Rekener Postweg 40<\/td>\n<td style=\"height: 39px; width: 24.0296%;\" width=\"207\">48653 Coesfeld<\/td>\n<td style=\"height: 39px; width: 18.9464%;\" width=\"94\">230835<\/td>\n<td style=\"height: 39px; width: 18.9464%;\" width=\"122\">02541\/889171<\/td>\n<\/tr>\n<tr style=\"height: 43px;\">\n<td style=\"height: 43px; width: 18.9464%;\" width=\"163\" height=\"40\">Flinkert, Paul<\/td>\n<td style=\"height: 43px; width: 18.9464%;\" width=\"163\">L\u00fcbbesmeyerweg 58<\/td>\n<td style=\"height: 43px; width: 24.0296%;\" width=\"207\">48653 Coesfeld<\/td>\n<td style=\"height: 43px; width: 18.9464%;\" width=\"94\">230886<\/td>\n<td style=\"height: 43px; width: 18.9464%;\" width=\"122\">02541\/4418<\/td>\n<\/tr>\n<tr style=\"height: 40px;\">\n<td style=\"height: 40px; width: 18.9464%;\">Fli\u00df, Wolfgang<\/td>\n<td style=\"height: 40px; width: 18.9464%;\">Josefstra\u00dfe 14<\/td>\n<td style=\"height: 40px; width: 24.0296%;\">48653 Coesfeld<\/td>\n<td style=\"height: 40px; width: 18.9464%;\">230827<\/td>\n<td style=\"height: 40px; width: 18.9464%;\"><\/td>\n<\/tr>\n<tr style=\"height: 40px;\">\n<td style=\"width: 18.9464%; height: 40px;\" width=\"163\" height=\"17\"><\/td>\n<td style=\"width: 18.9464%; height: 40px;\" width=\"163\"><\/td>\n<td style=\"width: 24.0296%; height: 40px;\" width=\"207\"><\/td>\n<td style=\"width: 18.9464%; height: 40px;\" width=\"94\"><\/td>\n<td style=\"width: 18.9464%; height: 40px;\" width=\"122\"><\/td>\n<\/tr>\n<tr style=\"height: 43px;\">\n<td style=\"height: 48px; width: 18.9464%;\" width=\"163\" height=\"40\">Gro\u00dfe-Ahlert, Stefan<\/td>\n<td style=\"height: 48px; width: 18.9464%;\" width=\"163\">Kohkamp 2<\/td>\n<td style=\"height: 48px; width: 24.0296%;\" width=\"207\">48727 Billerbeck<\/td>\n<td style=\"height: 48px; width: 18.9464%;\" width=\"94\">230807<\/td>\n<td style=\"height: 48px; width: 18.9464%;\" width=\"122\">02543\/219878<\/td>\n<\/tr>\n<tr style=\"height: 39px;\">\n<td style=\"height: 10px; width: 18.9464%;\" width=\"163\" height=\"40\"><\/td>\n<td style=\"height: 10px; width: 18.9464%;\" width=\"163\"><\/td>\n<td style=\"height: 10px; width: 24.0296%;\" width=\"207\"><\/td>\n<td style=\"height: 10px; width: 18.9464%;\" width=\"94\"><\/td>\n<td style=\"height: 10px; width: 18.9464%;\" width=\"122\"><\/td>\n<\/tr>\n<tr style=\"height: 39px;\">\n<td style=\"height: 39px; width: 18.9464%;\" width=\"163\" height=\"40\">Hobbold, Cornelia<\/td>\n<td style=\"height: 39px; width: 18.9464%;\" width=\"163\">Timphorst 26<\/td>\n<td style=\"height: 39px; width: 24.0296%;\" width=\"207\">48653 Coesfeld<\/td>\n<td style=\"height: 39px; width: 18.9464%;\" width=\"94\">230864<\/td>\n<td style=\"height: 39px; width: 18.9464%;\" width=\"122\">02541\/85317<\/td>\n<\/tr>\n<tr style=\"height: 39px;\">\n<td style=\"height: 39px; width: 18.9464%;\" width=\"163\" height=\"40\">Horstick, Lars<\/td>\n<td style=\"height: 39px; width: 18.9464%;\" width=\"163\">Am Steckinghof 26<\/td>\n<td style=\"height: 39px; width: 24.0296%;\" width=\"207\">48653 Coesfeld<\/td>\n<td style=\"height: 39px; width: 18.9464%;\" width=\"94\">230819<\/td>\n<td style=\"height: 39px; width: 18.9464%;\" width=\"122\">0176\/61184200<\/td>\n<\/tr>\n<tr style=\"height: 43px;\">\n<td style=\"height: 43px; width: 18.9464%;\" width=\"163\" height=\"40\">H\u00fcntemann, Cordula<\/td>\n<td style=\"height: 43px; width: 18.9464%;\" width=\"163\">Schoppenbusch 50<\/td>\n<td style=\"height: 43px; width: 24.0296%;\" width=\"207\">48720 Rosendahl-Osterwick<\/td>\n<td style=\"height: 43px; width: 18.9464%;\" width=\"94\">230809<\/td>\n<td style=\"height: 43px; width: 18.9464%;\" width=\"122\">02547\/209024<\/td>\n<\/tr>\n<tr style=\"height: 43px;\">\n<td style=\"height: 43px; width: 18.9464%;\" width=\"163\" height=\"40\">H\u00fcntemann, Dirk<\/td>\n<td style=\"height: 43px; width: 18.9464%;\" width=\"163\">Schoppenbusch 50<\/td>\n<td style=\"height: 43px; width: 24.0296%;\" width=\"207\">48720 Rosendahl-Osterwick<\/td>\n<td style=\"height: 43px; width: 18.9464%;\" width=\"94\">230841<\/td>\n<td style=\"height: 43px; width: 18.9464%;\" width=\"122\">02547\/209024<\/td>\n<\/tr>\n<tr style=\"height: 43px;\">\n<td style=\"height: 43px; width: 18.9464%;\" width=\"163\" height=\"40\">H\u00fcntemann, Rudolf<\/td>\n<td style=\"height: 43px; width: 18.9464%;\" width=\"163\">Marienstra\u00dfe 5<\/td>\n<td style=\"height: 43px; width: 24.0296%;\" width=\"207\">48720 Rosendahl &#8211; Holtwick<\/td>\n<td style=\"height: 43px; width: 18.9464%;\" width=\"94\">230876<\/td>\n<td style=\"height: 43px; width: 18.9464%;\" width=\"122\">02566\/96878<\/td>\n<\/tr>\n<tr style=\"height: 39px;\">\n<td style=\"height: 39px; width: 18.9464%;\" width=\"163\" height=\"40\">J\u00fcdefeld, Gottfried<\/td>\n<td style=\"height: 39px; width: 18.9464%;\" width=\"163\">Aulendorfer Weg 4<\/td>\n<td style=\"height: 39px; width: 24.0296%;\" width=\"207\">48727 Billerbeck<\/td>\n<td style=\"height: 39px; width: 18.9464%;\" width=\"94\">230802<\/td>\n<td style=\"height: 39px; width: 18.9464%;\" width=\"122\">02543-26614<\/td>\n<\/tr>\n<tr style=\"height: 22px;\">\n<td style=\"height: 28px; width: 18.9464%;\">K\u00f6rber &#8211; Mack A.<\/td>\n<td style=\"height: 28px; width: 18.9464%;\"><\/td>\n<td style=\"height: 28px; width: 24.0296%;\">48727 Billerbeck<\/td>\n<td style=\"height: 28px; width: 18.9464%;\">230821<\/td>\n<td style=\"height: 28px; width: 18.9464%;\">02543-21879<\/td>\n<\/tr>\n<tr style=\"height: 22px;\">\n<td style=\"height: 40px; width: 18.9464%;\">K\u00f6rber &#8211;\u00a0 Mack K.<\/td>\n<td style=\"height: 40px; width: 18.9464%;\"><\/td>\n<td style=\"height: 40px; width: 24.0296%;\">48727 Billerbeck<\/td>\n<td style=\"height: 40px; width: 18.9464%;\">230825<\/td>\n<td style=\"height: 40px; width: 18.9464%;\">02543-21879<\/td>\n<\/tr>\n<tr style=\"height: 22px;\">\n<td style=\"height: 30px; width: 18.9464%;\">K\u00f6rber &#8211; Mack V.<\/td>\n<td style=\"height: 30px; width: 18.9464%;\"><\/td>\n<td style=\"height: 30px; width: 24.0296%;\">48727 Billerbeck<\/td>\n<td style=\"height: 30px; width: 18.9464%;\">230828<\/td>\n<td style=\"height: 30px; width: 18.9464%;\">02543-21879<\/td>\n<\/tr>\n<tr style=\"height: 22px;\">\n<td style=\"height: 35px; width: 18.9464%;\">Kr\u00f6ger Klaus<\/td>\n<td style=\"height: 35px; width: 18.9464%;\"><\/td>\n<td style=\"height: 35px; width: 24.0296%;\">48720 Rosendahl-Osterwick<\/td>\n<td style=\"height: 35px; width: 18.9464%;\"><\/td>\n<td style=\"height: 35px; width: 18.9464%;\"><\/td>\n<\/tr>\n<tr style=\"height: 39px;\">\n<td style=\"height: 39px; width: 18.9464%;\" width=\"163\" height=\"40\"><\/td>\n<td style=\"height: 39px; width: 18.9464%;\" width=\"163\"><\/td>\n<td style=\"height: 39px; width: 24.0296%;\" width=\"207\"><\/td>\n<td style=\"height: 39px; width: 18.9464%;\" width=\"94\"><\/td>\n<td style=\"height: 39px; width: 18.9464%;\" width=\"122\"><\/td>\n<\/tr>\n<tr style=\"height: 43px;\">\n<td style=\"height: 43px; width: 18.9464%;\" width=\"163\" height=\"40\">Lawrenz, Marianne<\/td>\n<td style=\"height: 43px; width: 18.9464%;\" width=\"163\">Gantweger Stra\u00dfe 10<\/td>\n<td style=\"height: 43px; width: 24.0296%;\" width=\"207\">48727 Billerbeck<\/td>\n<td style=\"height: 43px; width: 18.9464%;\" width=\"94\">230826<\/td>\n<td style=\"height: 43px; width: 18.9464%;\" width=\"122\">02543\/1767<\/td>\n<\/tr>\n<tr style=\"height: 39px;\">\n<td style=\"height: 39px; width: 18.9464%;\" width=\"163\" height=\"40\">Paschert, Heinz<\/td>\n<td style=\"height: 39px; width: 18.9464%;\" width=\"163\">Markenweg 6<\/td>\n<td style=\"height: 39px; width: 24.0296%;\" width=\"207\">48653 Coesfeld<\/td>\n<td style=\"height: 39px; width: 18.9464%;\" width=\"94\">230808<\/td>\n<td style=\"height: 39px; width: 18.9464%;\" width=\"122\">02541\/81012<\/td>\n<\/tr>\n<tr style=\"height: 39px;\">\n<td style=\"height: 39px; width: 18.9464%;\" width=\"163\" height=\"40\">Peirick, Heinz<\/td>\n<td style=\"height: 39px; width: 18.9464%;\" width=\"163\">Am Wietkamp 23a<\/td>\n<td style=\"height: 39px; width: 24.0296%;\" width=\"207\">48653 Coesfeld<\/td>\n<td style=\"height: 39px; width: 18.9464%;\" width=\"94\">230839<\/td>\n<td style=\"height: 39px; width: 18.9464%;\" width=\"122\">02541\/81759<\/td>\n<\/tr>\n<tr style=\"height: 40px;\">\n<td style=\"width: 18.9464%; height: 40px;\">Ricker, Karl<\/td>\n<td style=\"width: 18.9464%; height: 40px;\">Sirksfeld 12<\/td>\n<td style=\"width: 24.0296%; height: 40px;\">48653 Coesfeld<\/td>\n<td style=\"width: 18.9464%; height: 40px;\">230865<\/td>\n<td style=\"width: 18.9464%; height: 40px;\">02541\/87436<\/td>\n<\/tr>\n<tr style=\"height: 40px;\">\n<td style=\"width: 18.9464%; height: 40px;\">Steinkamp, Stephan<\/td>\n<td style=\"width: 18.9464%; height: 40px;\">Waldstra\u00dfe 14<\/td>\n<td style=\"width: 24.0296%; height: 40px;\">48653 Coesfeld<\/td>\n<td style=\"width: 18.9464%; height: 40px;\">230840<\/td>\n<td style=\"width: 18.9464%; height: 40px;\">02541\/843030<\/td>\n<\/tr>\n<tr style=\"height: 43px;\">\n<td style=\"height: 43px; width: 18.9464%;\" width=\"163\" height=\"40\">S\u00fcdfeld, Kurt<\/td>\n<td style=\"height: 43px; width: 18.9464%;\" width=\"163\">Am Holtkebach 5<\/td>\n<td style=\"height: 43px; width: 24.0296%;\" width=\"207\">48720 Rosendahl &#8211; Holtwick<\/td>\n<td style=\"height: 43px; width: 18.9464%;\" width=\"94\">230833<\/td>\n<td style=\"height: 43px; width: 18.9464%;\" width=\"122\">02566\/905128<\/td>\n<\/tr>\n<tr style=\"height: 40px;\">\n<td style=\"width: 18.9464%; height: 40px;\"><\/td>\n<td style=\"width: 18.9464%; height: 40px;\"><\/td>\n<td style=\"width: 24.0296%; height: 40px;\"><\/td>\n<td style=\"width: 18.9464%; height: 40px;\"><\/td>\n<td style=\"width: 18.9464%; height: 40px;\"><\/td>\n<\/tr>\n<tr style=\"height: 39px;\">\n<td style=\"height: 39px; width: 18.9464%;\" width=\"163\" height=\"40\">Timmer, Simon<\/td>\n<td style=\"height: 39px; width: 18.9464%;\" width=\"163\"><\/td>\n<td style=\"height: 39px; width: 24.0296%;\" width=\"207\"><\/td>\n<td style=\"height: 39px; width: 18.9464%;\" width=\"94\">230842<\/td>\n<td style=\"height: 39px; width: 18.9464%;\" width=\"122\"><\/td>\n<\/tr>\n<tr style=\"height: 39px;\">\n<td style=\"height: 39px; width: 18.9464%;\" width=\"163\" height=\"40\"><\/td>\n<td style=\"height: 39px; width: 18.9464%;\" width=\"163\"><\/td>\n<td style=\"height: 39px; width: 24.0296%;\" width=\"207\"><\/td>\n<td style=\"height: 39px; width: 18.9464%;\" width=\"94\"><\/td>\n<td style=\"height: 39px; width: 18.9464%;\" width=\"122\"><\/td>\n<\/tr>\n<tr style=\"height: 43px;\">\n<td style=\"height: 43px; width: 18.9464%;\" width=\"163\" height=\"40\">Welchering, Ludger<\/td>\n<td style=\"height: 43px; width: 18.9464%;\" width=\"163\">B\u00f6ckmannstra\u00dfe 8a<\/td>\n<td style=\"height: 43px; width: 24.0296%;\" width=\"207\">46325 Borken<\/td>\n<td style=\"height: 43px; width: 18.9464%;\" width=\"94\">230803<\/td>\n<td style=\"height: 43px; width: 18.9464%;\" width=\"122\"><\/td>\n<\/tr>\n<tr style=\"height: 39px;\">\n<td style=\"height: 39px; width: 18.9464%;\" width=\"163\" height=\"40\"><\/td>\n<td style=\"height: 39px; width: 18.9464%;\" width=\"163\"><\/td>\n<td style=\"height: 39px; width: 24.0296%;\" width=\"207\"><\/td>\n<td style=\"height: 39px; width: 18.9464%;\" width=\"94\"><\/td>\n<td style=\"height: 39px; width: 18.9464%;\" width=\"122\"><\/td>\n<\/tr>\n<tr style=\"height: 39px;\">\n<td style=\"height: 39px; width: 18.9464%;\" width=\"163\" height=\"40\">Wulff, Helmut<\/td>\n<td style=\"height: 39px; width: 18.9464%;\" width=\"163\">Wester Esch 48<\/td>\n<td style=\"height: 39px; width: 24.0296%;\" width=\"207\">48653 Coesfeld<\/td>\n<td style=\"height: 39px; width: 18.9464%;\" width=\"94\">230804<\/td>\n<td style=\"height: 39px; width: 18.9464%;\" width=\"122\">02541\/70869<\/td>\n<\/tr>\n<\/tbody>\n<\/table>\n","protected":false},"excerpt":{"rendered":"<p>Name, Vorname Stra\u00dfe PLZ, Ort DKB-Nr.: Telefon Flacke, J\u00f6rg Rekener Postweg 40 48653 Coesfeld 230835 02541\/889171 Flinkert, Paul L\u00fcbbesmeyerweg 58 48653 Coesfeld 230886 02541\/4418 Fli\u00df, Wolfgang Josefstra\u00dfe 14 48653 Coesfeld 230827 Gro\u00dfe-Ahlert, Stefan Kohkamp 2 48727 Billerbeck 230807 02543\/219878 Hobbold, Cornelia Timphorst 26 48653 Coesfeld 230864 02541\/85317 Horstick, Lars Am Steckinghof 26 48653 Coesfeld 230819 [&hellip;]<\/p>\n","protected":false},"author":1,"featured_media":0,"parent":0,"menu_order":3,"comment_status":"closed","ping_status":"closed","template":"","meta":{"footnotes":""},"class_list":["post-443","page","type-page","status-publish","hentry"],"_links":{"self":[{"href":"https:\/\/www.vogelfreunde-coesfeld.de\/index.php?rest_route=\/wp\/v2\/pages\/443","targetHints":{"allow":["GET"]}}],"collection":[{"href":"https:\/\/www.vogelfreunde-coesfeld.de\/index.php?rest_route=\/wp\/v2\/pages"}],"about":[{"href":"https:\/\/www.vogelfreunde-coesfeld.de\/index.php?rest_route=\/wp\/v2\/types\/page"}],"author":[{"embeddable":true,"href":"https:\/\/www.vogelfreunde-coesfeld.de\/index.php?rest_route=\/wp\/v2\/users\/1"}],"replies":[{"embeddable":true,"href":"https:\/\/www.vogelfreunde-coesfeld.de\/index.php?rest_route=%2Fwp%2Fv2%2Fcomments&post=443"}],"version-history":[{"count":87,"href":"https:\/\/www.vogelfreunde-coesfeld.de\/index.php?rest_route=\/wp\/v2\/pages\/443\/revisions"}],"predecessor-version":[{"id":6792,"href":"https:\/\/www.vogelfreunde-coesfeld.de\/index.php?rest_route=\/wp\/v2\/pages\/443\/revisions\/6792"}],"wp:attachment":[{"href":"https:\/\/www.vogelfreunde-coesfeld.de\/index.php?rest_route=%2Fwp%2Fv2%2Fmedia&parent=443"}],"curies":[{"name":"wp","href":"https:\/\/api.w.org\/{rel}","templated":true}]}}