{"id":433,"date":"2009-05-12T08:50:26","date_gmt":"2009-05-12T07:50:26","guid":{"rendered":"http:\/\/www.vogelfreunde-coesfeld.de\/?page_id=433"},"modified":"2011-03-21T12:28:06","modified_gmt":"2011-03-21T11:28:06","slug":"geschichte-des-vereins","status":"publish","type":"page","link":"https:\/\/www.vogelfreunde-coesfeld.de\/?page_id=433","title":{"rendered":"Geschichte des Vereins"},"content":{"rendered":"<p style=\"text-align: left;\">Schon sehr fr\u00fch im 20. Jahrhundert hat es einen Vogelverein in Coesfeld gegeben. Vorg\u00e4nger der heutigen Vogelfreunde Coesfeld war der im Jahre 1936 gegr\u00fcndete Verein \u201eKanaria Coesfeld&#8220;. Der Kanarienzuchtverein \u201eKanaria Coesfeld&#8220; geh\u00f6rte als Reichsfachgruppe Nr. C 5 mit Sitz in Coesfeld der Reichsfachgruppe Kanarienz\u00fcchter e.V. im Reichsverband der Deutschen Kleintierz\u00fcchter mit Sitz in Berlin an. In den Wirren des zweiten Weltkrieges hatten die damaligen Mitglieder leider keine M\u00f6glichkeit mehr dem Hobby der Vogelhaltung und -zucht nachzugehen. S\u00e4mtliche Vereinsaktivit\u00e4ten der Coesfelder Vogelz\u00fcchter kamen zum Erliegen.<\/p>\n<p style=\"text-align: left;\">Die Wiederbegr\u00fcndung von \u201eKanaria Coesfeld&#8220; erfolgte in der Vissingsburg an der Bahnhofstra\u00dfe in Coesfeld am 10.06.1953 in der Wohnung von Hermann B\u00fcning durch die Gr\u00fcndungsmitglieder Willi Pollmeyer, Hermann B\u00fcning, Willi Inhestern, Josef Drees und Heinrich Niehoff. Damit erhielt die Vogelhaltung und -zucht in Coesfeld wieder eine Auflebung. Willi Pollmeyer geh\u00f6rt noch heute den aktiven Z\u00fcchtern der Vogelfreunde Coesfeld an. Die Vereinsmitglieder hatten damals einen monatlichen Mitgliedsbeitrag von 0,50 DM zu entrichten.<\/p>\n<p style=\"text-align: left;\">Zum 1. Vorsitzender des neu gegr\u00fcndeten Vereins wurde Hermann B\u00fcning gew\u00e4hlt und Josef Drees als 2. Vorsitzender. Nach einem Jahr \u00fcbernahm Josef Drees den Vorsitz der Vogelfreunde Coesfeld. Der neugegr\u00fcndete Verein wurde in den Westf\u00e4lisch-Lippischen Kanarienz\u00fcchter-Verband aufgenommen. Zum Verbandsvorstand geh\u00f6rten als erster Vorsitzender Heinrich Koch aus Elverdissen, Robert Buchhorn aus Bielefeld als 1. Schriftf\u00fchrer und Emil Diekhake aus Brackwede als 1. Kassierer.<\/p>\n<p style=\"text-align: left;\">Ende 1953 \u00fcbernahm Willi Pollmeyer 1,2 Gesangskanarien von Willi Inhestern. Dieser kaufte die V\u00f6gel bei Willi Heinrichs aus D\u00fcren f\u00fcr einen Gesamtpreis von 70,00 DM.<\/p>\n<p style=\"text-align: left;\">Um sich einen \u00dcberblick zu verschaffen wie viel zur damaligen Zeit 70,00 DM waren, kann gesagt werden, dass diese Summe dem Wochenlohn eines Bergmannes f\u00fcr eine Woche entsprach.<\/p>\n<p style=\"text-align: left;\">1955 fand dann der Wechsel der Vogelfreunde Coesfeld vom Westf\u00e4lisch-Lippischen Kanarienz\u00fcchter-Verband in den Verband 23 &#8211; M\u00fcnsterland-Emsland &#8211; statt. Noch heute geh\u00f6ren die Coesfelder Vogelz\u00fcchter dem LV 23 an.<\/p>\n<p style=\"text-align: left;\">Ende der 50-iger Jahre erfolgte die Umbenennung des Coesfelder Vogelvereines von Kanaria Coesfeld in den heutigen Vogelschutz- und Zuchtverein e.V. mit den &#8211; Vogelfreunden Coesfeld &#8211; .<\/p>\n<p style=\"text-align: left;\">Durch die gro\u00dfe Sach- und Fachkenntnis rund um die Vogelhaltung und -zucht haben sie sich zum erfolgreichsten Verein in diesem Verband etabliert. Im besonderen in der Fachgruppe der Sittiche und Exoten (Gro\u00df- und Wellensittiche sowie exotische Prachtfinken) wird die Dominanz sehr deutlich. \u00dcber Jahrzehnte sind die Vogelfreunde Coesfeld immer mit bei den Gewinnern von den zu vergebenden Titeln der Schausieger. Auch wird von ihnen seid unz\u00e4hligen Jahren die beste Vereinsleistung aller teilnehmenden Vereine in diesem Verband erbracht.<\/p>\n<p style=\"text-align: left;\">Auf nationaler und internationaler Ebene weisen die Vogelfreunde Coesfeld ebenfalls herausragende Schauerfolge auf. Hierzu wird auf der folgenden Seiten n\u00e4her eingegangen.<\/p>\n<p style=\"text-align: left;\">\u00a0<\/p>\n<p style=\"text-align: left;\"><span style=\"font-size: large;\"><strong>Vereinsaktivit\u00e4ten<\/strong><\/span><\/p>\n<p style=\"text-align: left;\">Sehr engagiert sind die Coesfelder Vogelz\u00fcchter auch in der Partnerschaft mit den Vogelz\u00fcchtern aus De Bilt &#8211; Bilthoven und im heimischen Vogelschutz.<\/p>\n<p style=\"text-align: left;\">Seid \u00fcber 29 Jahren pflegen die Coesfelder Vogelz\u00fcchter den Kontakt mit den niederl\u00e4ndischen Gleichgesinnten. Gegenseitig werden die Ausstellung besucht und auch dort jeweils V\u00f6gel pr\u00e4sentiert. Aber nicht nur auf das Ausstellungswesen st\u00fctzt sich diese Partnerschaft. Besuche und auch Besichtigungen von Zuchtanlagen stehen ebenso an wie auch gemeinsame Sitzungen der Vereinsvorst\u00e4nde. \u00dcber die Jahre haben sich herzliche Verbindungen zwischen den Coesfeldern und Niederl\u00e4ndern entwickelt und werden ohne Zutun anderer aufrecht erhalten, gepflegt und erweitert.<\/p>\n<p style=\"text-align: left;\">Bei der allj\u00e4hrliche Nistk\u00e4stenreinigungsaktion, welche sich \u00fcber das ganze Stadtgebiet von Coesfeld und Lette hinzieht, werden \u00fcber 400 Nisthilfen der verschiedensten Bauarten bereut. Im Fr\u00fchjahr werden die Nistk\u00e4sten durch die Vogelfreunde kontrolliert. Besch\u00e4digte Nistk\u00e4sten werden repariert oder durch neue ausgetauscht. Durch einheimische V\u00f6gel genutzte Nisth\u00f6hlen werden gereinigt und auf Parasitenbefall \u00fcberpr\u00fcft. Die Palette der Nisthilfen erstreckt sich vom normalen Meisennistk\u00e4sten \u00fcber Nisthilfen f\u00fcr Rotschw\u00e4nze, Stare, Sperlinge, Kleiber und Bauml\u00e4ufer. Au\u00dferdem betreuen die Vogelfreunde auch noch Fledermausk\u00e4sten und Eulennisthilfen. Hier wird aber eine Kontrolle erst zu einem sp\u00e4teren Zeitpunkt vorgenommen um eine \u00dcberwinterung z.B. bei den Flederm\u00e4usen nicht zu st\u00f6ren und die fliegenden M\u00e4use damit nicht zu gef\u00e4hrden.<\/p>\n<p style=\"text-align: left;\">Im Jahre 1981 beteiligten sie sich an einer Pflanzaktion f\u00fcr den Kreis Coesfeld in Darup \/ Nottuln (Herburg \/ Losbecke).<\/p>\n<p style=\"text-align: left;\">2002 und 2003 \u00fcbernahmen sie die Parks an der Billerbecker und der Karlstra\u00dfe (Stadt- und Helmuspark) von der Stadt Coesfeld in Eigenregie. Ab diesem Zeitpunkt zeichneten sich die Vogelfreunde eigenverantwortlich f\u00fcr den Besatz in den beiden Parkanlagen. Dazu geh\u00f6ren zwei Teichanlagen sowie die Volierenanlage im Helmuspark. Durch vielseitige Kontakte ist es den Coesfelder Vogelz\u00fcchter m\u00f6glich den B\u00fcrgern von Coesfeld einen vielf\u00e4ltigen Besatz zeigen zu k\u00f6nnen. Neben den heimischen Stockenten sind auch noch weitere europ\u00e4ische Entarten wie z.B. Kolben-, Spie\u00df-, Krick-, Sichel-, Reiher-, Moor- und Pfeifente zu sehen. Besonders wird den Besuchern wohl die schillernden Braut- und Mandarinenten ins Auge stechen. In deren Brutzeit zeigen im speziellen die M\u00e4nnchen ein einmalig schillerndes vielfarbiges Gefieder. Vortrefflich zu sehen auf den beiden folgenden Bildern.<\/p>\n<p style=\"text-align: left;\">Au\u00dferdem sind noch Peposaka-, Rotschulter- und chilenische Pfeifenten zu bestaunen. Auch Vertrauter aus den K\u00fcstenregionen der deutschen Meere sind zu beobachten. Als Vertreter dieser maritimen Gegend k\u00f6nnen die vielfarbigen Brandenten beobachtet werden. Aber nicht nur die verschiedensten Enten sind zu sehen.<\/p>\n<p style=\"text-align: left;\">Auch gr\u00f6\u00dfere Vertreter der Familie der Entenv\u00f6gel sollen den B\u00fcrgern pr\u00e4sentiert werden. Ihre Entscheidung ist auf Streifen- und Magellang\u00e4nse gefallen. Auch sehr ansprechende Vertreter ihrer Art.<\/p>\n<p style=\"text-align: left;\">In der Volierenanlage im Helmuspark werden dem Besucher verschiedenartige Krummschn\u00e4bel von fernen Kontinenten pr\u00e4sentiert. Immer wieder m\u00fcssen die Vogelz\u00fcchter feststellen, dass es manchen B\u00fcrger mit der Achtung vorm lebenden Tier und fremden Eigentum mangelt. Zerst\u00f6rungswut, Vandalismus und Missachtung vor fremden Eigentum haben schon des \u00f6fteren seine nicht zu \u00fcbersehenden Spuren hinterlassen.<\/p>\n<p style=\"text-align: left;\">2003 konnte dann endlich der \u00fcber viele Jahre verfolgte Wunsch, ein eigenes Vogelschutzgebiet zu erwerben, in die Tat umgesetzt werden. Ca. 60.000 m\u00b2 brach liegende Wiese wurde in Sirksfeld von den Vogelfreunden Coesfeld erworben. Mit sehr vielen ehrenamtlichen Stunden der Vereinsmitglieder wurde aus der brach liegenden Wiese ein ansprechendes Vogel- und Naturschutzgebiet geschaffen. Diesen Wunsch hegten die Vogelfreunde \u00fcber 15 Jahre. Nun ist es endlich Wirklichkeit geworden und den B\u00fcrgern von Coesfeld und der Umgebung kann ein neues Vogel- und Naturschutzgebiet neben der Sirksfelder Schule angeboten werden.<\/p>\n<p style=\"text-align: left;\">Vorhandene B\u00e4nke laden jeden Interessierten ein, doch einen Moment an dem Naturschutzgebiet zu verweilen und das gesch\u00e4ftige Treiben der heimischen Tierwelt in seiner vollen und unverf\u00e4lschten Nat\u00fcrlichkeit genie\u00dfen zu k\u00f6nnen.<\/p>\n<p style=\"text-align: left;\">F\u00fcr die Coesfelder Vogelz\u00fcchter galt es die Wiese f\u00fcr die Belange der heimischen zwei-, vier- und anderen mehrbeinigen heimischen Tierwelt entsprechend anzupassen.<\/p>\n<p style=\"text-align: left;\">So wurden Bl\u00e4nken ausgehoben um auch Amphibien einen ansprechenden und naturgem\u00e4\u00dfen Lebensraum bieten zu k\u00f6nnen. Die ersten Exemplare haben sich mittlerweile in den Bl\u00e4nken angesiedelt, eingelebt und vermehren sich recht zahlreich.<\/p>\n<p style=\"text-align: left;\">Weiter wurde das Gebiet von einer Gr\u00f6\u00dfe mit ca. 60.000 m\u00b2 rund herum mit Hunderten Eichenpf\u00e4hlen eingefasst und an die 1.000 B\u00e4ume und Str\u00e4ucher wurden zur Angleichung an die vorhandene Vegetation angepflanzt. Bei den eingebrachten B\u00e4umen und Str\u00e4uchern haben die Vogelfreunde Coesfeld besonders darauf geachtet, dass es sich fast nur um heimische Geh\u00f6lze, die auch in der Umgebung vorkommen, handelt.<br \/>\n Auch die ersten gefiederten Gesellen haben das Schutzgebiet f\u00fcr sich angenommen und sind erfolgreich zur Brut und Jungenaufzucht geschritten. Neben Graug\u00e4nsen, Kiebitzen und Brachv\u00f6geln sind auch schon Regenpfeifer, Austernfischer und noch andere heimische Singv\u00f6gel durch die Coesfelder Vogelz\u00fcchter gesichtet. Wieder ein weiterer Beitrag zur Arterhaltung der heimischen Vogelwelt.<\/p>\n<p style=\"text-align: left;\">Die Vogelfreunde Coesfeld sind sehr stolz auf diese Ereignisse und Geschehnisse und f\u00fchlen sich in ihrem Entschluss bez\u00fcglich des Erwerbes des Gebietes voll und ganz best\u00e4tigt. Sporadisch stehen in jedem Fr\u00fchjahr immer wieder Pflegema\u00dfnahmen im Naturschutzgebiet an. So weit wie es den Vogelfreunden aber m\u00f6glich ist, wird der Natur freie Hand \u00fcber das Gebiet gelassen. Auch wird vermieden Maschinen oder dergleichen in dem Gebiet einzusetzen. Die Natur hat das Sagen im Gebiet und um Wildkr\u00e4uter und dergleichen mehr im Zaum zu halten, werden die Pflanzen durch eine begrenzte Anzahl von Rindvieh kurz gehalten.<\/p>\n<p style=\"text-align: left;\">\u00a0<\/p>\n<p style=\"text-align: left;\"><span style=\"font-size: large;\"><strong>Schauerfolge sowie Preisrichter<\/strong><\/span><\/p>\n<p style=\"text-align: left;\">\u00dcber 15 Weltmeistertitel sowie unz\u00e4hlige Silber- und Bronzemedaillen gewannen die Coesfelder Vogelz\u00fcchter in den letzten Jahren bei den ausgetragenen Weltmeisterschaften der\u00a0<a href=\"http:\/\/www.conf.org\">Conf\u00e9d\u00e9ration Ornithologique Mondial (COM)<\/a> in aller Herren L\u00e4nder. Die Coesfelder Vogelfreunde sind seid Jahren die erfolgreichsten nationalen Aussteller auf den Weltmeisterschaften aus dem gesamten deutschen Bundesgebiet. Ohne weiteres k\u00f6nnen sie der starken Konkurrenz aus den verschiedensten Teilnahmel\u00e4ndern wie z.B. Italien, Spanien, Niederlande, Belgien, \u00d6sterreich, T\u00fcrkei, Zypern, Brasilien, Schweiz und noch vielen anderen L\u00e4ndern mit ihren Prachtexemplaren an V\u00f6geln Stand halten.<\/p>\n<p style=\"text-align: left;\">\u00dcber 30 Deutsche Meister- und Vizemeistertitel sowie \u00fcber 350 gewonnene Gold-, Silber- und Bronzemedaillen schlagen f\u00fcr die Vogelfreunde bei den Deutschen Meisterschaften des\u00a0<a href=\"http:\/\/www.dkb-online.de\">Deutschen Kanarien- und Vogelz\u00fcchter-Bundes (DKB)<\/a> in allen Teilen des deutschen Bundesgebietes zu Buche. Des weiteren konnten mehrmals die verschiedensten Ehrenpreise f\u00fcr die Pr\u00e4sentation des besten Vogel aus den vielf\u00e4ltigsten Arten oder Erscheinungsformen gewonnen werden.<\/p>\n<p style=\"text-align: left;\">Auch die beste Gesamtleistung in den verschiedenen Fachgruppen wird regelm\u00e4\u00dfig durch die Coesfelder Vogelz\u00fcchter gewonnen.<\/p>\n<p style=\"text-align: left;\">Auf der Deutschen Meisterschaft 2002 \/ 2003 in Mannheim gelang ihnen der Gewinn des erstmalig ausgespielten Titel des Deutschen Vereinsmeister. Kein anderer Verein aus dem gesamten Bundesgebiet konnte mit einer solch reichhaltigen Beschickung in der Fachgruppe Sittiche und Exoten aufwarten wie die Vogelfreunde Coesfeld. Diesen Erfolg haben sie in den vergangenen Jahre weiterhin f\u00fcr sich verbuchen k\u00f6nnen.<\/p>\n<p style=\"text-align: left;\">Unz\u00e4hlige Bundessiege, Bundesgruppensiege, Gruppensiege sowie Gold-, Silber- und Bronzemedaillen bei der Schau der<\/p>\n<p style=\"text-align: left;\">Bundesvereinigung f\u00fcr Artenschutz, Vogelhaltung und Vogelzucht (AZ) (www.azvogelzucht.de)<\/p>\n<p style=\"text-align: left;\">in Kassel mit einer j\u00e4hrlichen Beschickung von \u00fcber 15.000 V\u00f6gel errangen die Vogelfreunde Coesfeld.<\/p>\n<p style=\"text-align: left;\">Dazu kommt noch eine enorme Anzahl an Landessieger- und Landesverbandsmeistertitel. Auf den Verbandsausstellungen des Landesverband 23 &#8211; M\u00fcnsterland-Emsland &#8211; stellen die Coesfelder Vogelz\u00fcchter im besonderen in der Fachgruppe Sittiche und Exoten schon seid Jahrzehnten ihre absolute Vormachtstellung unter Beweis. Der j\u00e4hrlich ausgespielte Wanderpokal f\u00fcr die beste Vereinsbeschickung der Fachgruppe Sittiche \/ Exoten geht schon seid vielen Jahren immer in den Besitz der Vogelfreunde. Kein anderer Verein ist in dieser Fachgruppe so erfolgreich wie die Coesfelder Vogelz\u00fcchter.<\/p>\n<p style=\"text-align: left;\">Auf den Ausstellung des Partnervereins aus De Bilt &#8211; Bilthoven geh\u00f6ren die Vogelfreunde Coesfeld immerw\u00e4hrend zu den Siegern und k\u00f6nnen dort in den verschiedenen Fachgruppen Championv\u00f6gel pr\u00e4sentieren sowie die ausgespielten Wanderpokale f\u00fcr die beste Gesamtleistung eines einzelnen Z\u00fcchters gewinnen.<\/p>\n<p style=\"text-align: left;\">Aber nicht nur als Aussteller bet\u00e4tigen sich die Vogelfreunde Coesfeld an den Ausstellungen im In- und Ausland. Verschiedene Mitglieder des Coesfelder Vogelvereines haben die Bef\u00e4higung, durch Ablegung einer schriftlichen und praktischen Pr\u00fcfung, erworben selber auch Bewertungen in Deutschland und Europa sowie auch dar\u00fcber hinaus vornehmen zu k\u00f6nnen.<\/p>\n<p style=\"text-align: left;\"><strong>Folgende Personen d\u00fcrfen Bewertungen der verschiedensten V\u00f6gel vornehmen:<\/strong><\/p>\n<p style=\"text-align: left;\">Cornelia Hobbold<br \/>\n Farb- und Positurkanarien, Mischlinge, Cardueliden, Europ\u00e4er und Wellensittiche auf nationalen und internationalen Ausstellungen<\/p>\n<p style=\"text-align: left;\">Josef Hobbold<br \/>\n Farb- und Positurkanarien, Mischlinge, Cardueliden, Europ\u00e4er und Wellensittiche auf nationalen und internationalen Ausstellungen<\/p>\n<p style=\"text-align: left;\">Rudolf H\u00fcntemann<br \/>\nWellensittiche auf nationalen und internationalen Ausstellungen<\/p>\n<p><br class=\"spacer_\" \/><\/p>\n<p><span style=\"font-size: large;\"><strong>Ausgerichtete Vogelausstellungen<\/strong><\/span><\/p>\n<p style=\"text-align: left;\">Die erste Ausstellung des neu gegr\u00fcndeten Vereins Vogelschutz- und Zuchtverein e.V. &#8211; Vogelfreunde Coesfeld &#8211; erfolgte im Jahre 1956.<\/p>\n<p style=\"text-align: left;\">Im Rahmen dieser ersten Vogelschau wurden im Konferenzzimmer des Kettlerhauses am S\u00fcdwall insgesamt drei St\u00e4mme Gesangskanarien von Willi Inhestern, Josef Drees und Willi Pollmeyer dem Preisrichter zur Pr\u00e4mierung vorgestellt. Erste Vereinsmeister bei den Gesangskanarien wurde Josef Drees und Willi Pollmeyer wurde Vizemeister. Die erste Rahmenschau die dem interessierten Publikum gezeigt wurde, umfasste Volieren mit Wellensittichen, Kanarienv\u00f6geln und Fasanen. Ausgestattet wurden diese Volieren durch Willi Pollmeyer und Josef Drees.<\/p>\n<p style=\"text-align: left;\">1958 fand die erste Verbandsausstellung des Landesverband 23 &#8211; M\u00fcnsterland &#8211; Emsland &#8211; im Kettlerhaus Coesfeld statt. Die Volieren und Ausstellungsregale wurden auf Kinderwagenr\u00e4der aufgebaut, damit sie zum Komerz, welcher in den gleichen R\u00e4umlichkeiten wie die Ausstellung stattfand, ohne Probleme heraus geschoben werden konnten, um so Platz f\u00fcr die Ehrung der Sieger und den gem\u00fctlichen Teil zu schaffen. Ausgestellt wurden bei dieser LV-Schau Gesangskanarien, Wellensittiche, Farbkanarien und Mischlinge zwischen Wald- und Kanarienv\u00f6geln.<\/p>\n<p style=\"text-align: left;\">Zur ersten Deutschen Meisterschaft in Hannover lieferte Willi Dress Gesangskanarien der Coesfelder Vogelz\u00fcchter mit dem Zug ein.<\/p>\n<p style=\"text-align: left;\">Die erste internationale Ausstellung mit Vogelz\u00fcchtern aus der Schweiz, Andorra, Belgien (Verein De Nachtigall Sankt Truiden), Niederlande (Verein Vogellust De Bilt) und deutschen Z\u00fcchter fand im Jahre 1977 im Kettlerhaus statt.<\/p>\n<p style=\"text-align: left;\">Zur ersten internationale Waldvogelausstellung wurde im Jahre 1978 durch die Vogelfreunde Coesfeld ins Kettlerhaus eingeladen.<\/p>\n<p style=\"text-align: left;\">Die Durchf\u00fchrung einer Deutschen Meisterschaft des Deutschen Kanarien- und Vogelz\u00fcchter-Bundes (DKB) setzt ein sehr hohes Ma\u00df an Aufwand, Eigenleistung, Logistik und Sachverstand voraus. Weit \u00fcber 10.000 V\u00f6gel sowie \u00fcber 300 Offizielle, Helfer und Vereinsmitglieder gilt es ausreichend zu versorgen und f\u00fcr den internationalen und nationalen Besucherstrom gewappnet zu sein. Trotz dieser enormen M\u00fchen wurden durch die Vogelfreunde Coesfeld in den Jahren 1988 \/ 1989, 1996 \/ 1997 und 2004 \/ 2005 somit drei Deutsche Meisterschaften ausgerichtet.<\/p>\n<p style=\"text-align: left;\">Eine Landesschau der AZ wurde im Jahr 1983 durch die Coesfelder Vogelz\u00fcchter ausgerichtet.<\/p>\n<p style=\"text-align: left;\">Insgesamt acht Mal, n\u00e4mlich in den Jahren 1958, 1962, 1968, 1978, 1985, 1993, 2003 und 2006 wurde eine Ausstellung des Landesverbandes 23 &#8211; M\u00fcnsterland &#8211; Emsland &#8211; durch die Coesfelder Vogelz\u00fcchter ausgerichtet.<\/p>\n<p style=\"text-align: left;\">Die erste Vereinsschau des Vogelschutz- und Zuchtverein wurde, wie auch schon weiter oben beschrieben, im Jahre 1956 durch die Vogelfreunde Coesfeld abgehalten. Im Laufe der Jahre wurden in den verschiedensten \u00d6rtlichkeiten die Vereinsausstellung abgehalten.<\/p>\n<p style=\"text-align: left;\">Von 1956 bis 1985 im Kettlerhaus<\/p>\n<p style=\"text-align: left;\">Im Jahr 1986 in der Firma Fritzen (aufgrund einer Doppelbelegung des Kettlerhauses)<br \/>\n Von 1987 &#8211; 1990 im Kettlerhaus<\/p>\n<p style=\"text-align: left;\">Von 1991 &#8211; 2001 in der Reithalle Sirksfeld<\/p>\n<p style=\"text-align: left;\">Im Jahr 2002 erfolgte der Umzug der Vogelfreunde mit ihrer Vereinsausstellung in das neu erbaute Pferde- und Reitsportzentrum in Flamschen. Von diesem Zeitpunkt ab an findet in jedem Jahr im November am Wochenende vor dem ehemaligen Bu\u00df- und Bettag die Vereinsausstellung dort statt.<\/p>\n","protected":false},"excerpt":{"rendered":"<p>Schon sehr fr\u00fch im 20. Jahrhundert hat es einen Vogelverein in Coesfeld gegeben. Vorg\u00e4nger der heutigen Vogelfreunde Coesfeld war der im Jahre 1936 gegr\u00fcndete Verein \u201eKanaria Coesfeld&#8220;. Der Kanarienzuchtverein \u201eKanaria Coesfeld&#8220; geh\u00f6rte als Reichsfachgruppe Nr. C 5 mit Sitz in Coesfeld der Reichsfachgruppe Kanarienz\u00fcchter e.V. im Reichsverband der Deutschen Kleintierz\u00fcchter mit Sitz in Berlin an. [&hellip;]<\/p>\n","protected":false},"author":1,"featured_media":0,"parent":0,"menu_order":10,"comment_status":"closed","ping_status":"closed","template":"","meta":{"footnotes":""},"class_list":["post-433","page","type-page","status-publish","hentry"],"_links":{"self":[{"href":"https:\/\/www.vogelfreunde-coesfeld.de\/index.php?rest_route=\/wp\/v2\/pages\/433","targetHints":{"allow":["GET"]}}],"collection":[{"href":"https:\/\/www.vogelfreunde-coesfeld.de\/index.php?rest_route=\/wp\/v2\/pages"}],"about":[{"href":"https:\/\/www.vogelfreunde-coesfeld.de\/index.php?rest_route=\/wp\/v2\/types\/page"}],"author":[{"embeddable":true,"href":"https:\/\/www.vogelfreunde-coesfeld.de\/index.php?rest_route=\/wp\/v2\/users\/1"}],"replies":[{"embeddable":true,"href":"https:\/\/www.vogelfreunde-coesfeld.de\/index.php?rest_route=%2Fwp%2Fv2%2Fcomments&post=433"}],"version-history":[{"count":20,"href":"https:\/\/www.vogelfreunde-coesfeld.de\/index.php?rest_route=\/wp\/v2\/pages\/433\/revisions"}],"predecessor-version":[{"id":586,"href":"https:\/\/www.vogelfreunde-coesfeld.de\/index.php?rest_route=\/wp\/v2\/pages\/433\/revisions\/586"}],"wp:attachment":[{"href":"https:\/\/www.vogelfreunde-coesfeld.de\/index.php?rest_route=%2Fwp%2Fv2%2Fmedia&parent=433"}],"curies":[{"name":"wp","href":"https:\/\/api.w.org\/{rel}","templated":true}]}}