{"id":1351,"date":"2010-03-14T17:06:13","date_gmt":"2010-03-14T16:06:13","guid":{"rendered":"http:\/\/www.vogelfreunde-coesfeld.de\/?page_id=1351"},"modified":"2026-03-06T07:34:57","modified_gmt":"2026-03-06T06:34:57","slug":"vorstand-neu","status":"publish","type":"page","link":"https:\/\/www.vogelfreunde-coesfeld.de\/?page_id=1351","title":{"rendered":"Vorstand"},"content":{"rendered":"<p>Der Vorstand der Vogelfreunde Coesfeld e.V.<\/p>\n<table border=\"0\" cellspacing=\"10\" cellpadding=\"10\">\n<tbody>\n<tr>\n<td>Dirk H\u00fcnteman<strong>n<\/strong><\/p>\n<p><strong>1. Vorsitzender <\/strong><\/p>\n<p>Schoppenbusch 50<\/p>\n<p>48720 Rosendahl GT Osterwick<\/p>\n<p>Tel.: 02547-209024<\/td>\n<td><a href=\"https:\/\/www.vogelfreunde-coesfeld.de\/wp-content\/uploads\/huentemann_dirk_220x300.jpg\"><img loading=\"lazy\" decoding=\"async\" class=\"aligncenter size-full wp-image-6127\" src=\"https:\/\/www.vogelfreunde-coesfeld.de\/wp-content\/uploads\/huentemann_dirk_220x300.jpg\" alt=\"\" width=\"220\" height=\"300\" \/><\/a><\/td>\n<\/tr>\n<tr>\n<td>Kurt S\u00fcdfeld<\/p>\n<p><strong>2. Vorsitzender <\/strong><\/p>\n<p>Am Holtkebach 5<\/p>\n<p>48720 Rosendahl GT Holtwick<\/p>\n<p>Tel.: 02566-905128<\/td>\n<td><a href=\"https:\/\/www.vogelfreunde-coesfeld.de\/wp-content\/uploads\/IMG_29751.JPG\"><img loading=\"lazy\" decoding=\"async\" class=\"size-medium wp-image-1425 aligncenter\" title=\"IMG_2975\" src=\"https:\/\/www.vogelfreunde-coesfeld.de\/wp-content\/uploads\/IMG_29751-225x300.jpg\" alt=\"IMG_2975\" width=\"225\" height=\"300\" srcset=\"https:\/\/www.vogelfreunde-coesfeld.de\/wp-content\/uploads\/IMG_29751-225x300.jpg 225w, https:\/\/www.vogelfreunde-coesfeld.de\/wp-content\/uploads\/IMG_29751.JPG 601w\" sizes=\"auto, (max-width: 225px) 100vw, 225px\" \/><\/a><\/td>\n<\/tr>\n<tr>\n<td>Cornelia Hobbold<\/p>\n<p><strong>1. Schriftf\u00fchrerin \/ Fachgruppenobfrau FPMCE<\/strong><\/p>\n<p>Timphorst 26<\/p>\n<p>48653 Coesfeld<\/p>\n<p>Tel.: 02541-85317<\/td>\n<td><a href=\"https:\/\/www.vogelfreunde-coesfeld.de\/wp-content\/uploads\/IMG_29873.JPG\"><img loading=\"lazy\" decoding=\"async\" class=\"aligncenter size-medium wp-image-1446\" title=\"IMG_2987\" src=\"https:\/\/www.vogelfreunde-coesfeld.de\/wp-content\/uploads\/IMG_29873-225x300.jpg\" alt=\"IMG_2987\" width=\"225\" height=\"300\" srcset=\"https:\/\/www.vogelfreunde-coesfeld.de\/wp-content\/uploads\/IMG_29873-225x300.jpg 225w, https:\/\/www.vogelfreunde-coesfeld.de\/wp-content\/uploads\/IMG_29873.JPG 601w\" sizes=\"auto, (max-width: 225px) 100vw, 225px\" \/><\/a><\/td>\n<\/tr>\n<tr>\n<td>Karl Ricker<br \/>\n<strong>1. Kassierer<\/strong><\/p>\n<p>Sirksfeld 12<\/p>\n<p>48653 Coesfeld<\/p>\n<p>Tel.: 02541-87436<\/td>\n<td><img loading=\"lazy\" decoding=\"async\" class=\"aligncenter\" src=\"https:\/\/www.vogelfreunde-coesfeld.de\/wp-content\/uploads\/MD003517.jpg\" width=\"216\" height=\"297\" \/><\/td>\n<\/tr>\n<tr>\n<td><\/td>\n<td><\/td>\n<\/tr>\n<tr>\n<td>Cordula H\u00fcntemann<\/p>\n<p><strong>2. Schriftf\u00fchrerin \/ Ringwartin<\/strong><\/p>\n<p>Schoppenbusch 50<\/p>\n<p>48720 Rosendahl GT Osterwick<\/p>\n<p>Tel.: 02547-209024<\/td>\n<td><a href=\"https:\/\/www.vogelfreunde-coesfeld.de\/wp-content\/uploads\/DSC_0002.JPG\"><img loading=\"lazy\" decoding=\"async\" class=\"aligncenter size-medium wp-image-1499\" title=\"DSC_0002\" src=\"https:\/\/www.vogelfreunde-coesfeld.de\/wp-content\/uploads\/DSC_0002-217x300.jpg\" alt=\"DSC_0002\" width=\"225\" height=\"300\" \/><\/a><\/td>\n<\/tr>\n<tr>\n<td><\/td>\n<td><\/td>\n<\/tr>\n<tr>\n<td>Lars Horstick<br \/>\n<strong>Hallenwart \/ Fachgruppenobmann Si\/Ex<\/strong><\/p>\n<p>Am Steckinghof 264<\/p>\n<p>8653 Coesfeld<\/p>\n<p>Tel.: 017661184200<\/td>\n<td><a href=\"https:\/\/www.vogelfreunde-coesfeld.de\/wp-content\/uploads\/DSC_0407-2.jpg\"><img loading=\"lazy\" decoding=\"async\" class=\"aligncenter\" src=\"https:\/\/www.vogelfreunde-coesfeld.de\/wp-content\/uploads\/DSC_0407-2.jpg\" alt=\"\" width=\"170\" height=\"165\" \/><\/a><\/td>\n<\/tr>\n<tr>\n<td>Wolfgang Fli\u00df<\/p>\n<p><strong>Vogelschutzwart<\/strong><\/p>\n<p>Josefstra\u00dfe 14<\/p>\n<p>48653 Coesfeld<\/td>\n<td><a href=\"https:\/\/www.vogelfreunde-coesfeld.de\/wp-content\/uploads\/DSC_00943.jpg\"><img loading=\"lazy\" decoding=\"async\" class=\"size-medium wp-image-5170 aligncenter\" src=\"https:\/\/www.vogelfreunde-coesfeld.de\/wp-content\/uploads\/DSC_00943-192x300.jpg\" alt=\"Wolfgang Fli\u00df Vogelschutzbeauftragter\" width=\"192\" height=\"300\" srcset=\"https:\/\/www.vogelfreunde-coesfeld.de\/wp-content\/uploads\/DSC_00943-192x300.jpg 192w, https:\/\/www.vogelfreunde-coesfeld.de\/wp-content\/uploads\/DSC_00943.jpg 513w\" sizes=\"auto, (max-width: 192px) 100vw, 192px\" \/><\/a><\/td>\n<\/tr>\n<tr>\n<td>Klaus Kr\u00f6ger<\/p>\n<p><strong>Pressewart<\/strong><\/p>\n<p>48720 Rosendahl GT Osterwick<\/td>\n<td><\/td>\n<\/tr>\n<\/tbody>\n<\/table>\n","protected":false},"excerpt":{"rendered":"<p>Der Vorstand der Vogelfreunde Coesfeld e.V. Dirk H\u00fcntemann 1. Vorsitzender Schoppenbusch 50 48720 Rosendahl GT Osterwick Tel.: 02547-209024 Kurt S\u00fcdfeld 2. Vorsitzender Am Holtkebach 5 48720 Rosendahl GT Holtwick Tel.: 02566-905128 Cornelia Hobbold 1. Schriftf\u00fchrerin \/ Fachgruppenobfrau FPMCE Timphorst 26 48653 Coesfeld Tel.: 02541-85317 Karl Ricker 1. Kassierer Sirksfeld 12 48653 Coesfeld Tel.: 02541-87436 Cordula [&hellip;]<\/p>\n","protected":false},"author":1,"featured_media":0,"parent":0,"menu_order":0,"comment_status":"closed","ping_status":"closed","template":"","meta":{"footnotes":""},"class_list":["post-1351","page","type-page","status-publish","hentry"],"_links":{"self":[{"href":"https:\/\/www.vogelfreunde-coesfeld.de\/index.php?rest_route=\/wp\/v2\/pages\/1351","targetHints":{"allow":["GET"]}}],"collection":[{"href":"https:\/\/www.vogelfreunde-coesfeld.de\/index.php?rest_route=\/wp\/v2\/pages"}],"about":[{"href":"https:\/\/www.vogelfreunde-coesfeld.de\/index.php?rest_route=\/wp\/v2\/types\/page"}],"author":[{"embeddable":true,"href":"https:\/\/www.vogelfreunde-coesfeld.de\/index.php?rest_route=\/wp\/v2\/users\/1"}],"replies":[{"embeddable":true,"href":"https:\/\/www.vogelfreunde-coesfeld.de\/index.php?rest_route=%2Fwp%2Fv2%2Fcomments&post=1351"}],"version-history":[{"count":72,"href":"https:\/\/www.vogelfreunde-coesfeld.de\/index.php?rest_route=\/wp\/v2\/pages\/1351\/revisions"}],"predecessor-version":[{"id":6794,"href":"https:\/\/www.vogelfreunde-coesfeld.de\/index.php?rest_route=\/wp\/v2\/pages\/1351\/revisions\/6794"}],"wp:attachment":[{"href":"https:\/\/www.vogelfreunde-coesfeld.de\/index.php?rest_route=%2Fwp%2Fv2%2Fmedia&parent=1351"}],"curies":[{"name":"wp","href":"https:\/\/api.w.org\/{rel}","templated":true}]}}